{"id":19,"date":"2015-09-16T14:12:19","date_gmt":"2015-09-16T12:12:19","guid":{"rendered":"http:\/\/blog.daniel-kurz.com\/?page_id=19"},"modified":"2025-09-19T23:19:33","modified_gmt":"2025-09-19T21:19:33","slug":"termine","status":"publish","type":"page","link":"https:\/\/www.daniel-kurz.com\/?page_id=19","title":{"rendered":"Termine"},"content":{"rendered":"<p><b>Keine \u00f6ffentlichen Auftritte mehr verpassen!<\/b><\/p>\n<p>Hier gibt es immer die aktuelle \u00dcbersicht \u00fcber anstehende Auftritte und die wichtigsten Fakten dazu. Alle genannten Zeiten sind nat\u00fcrlich nur grobe Anhaltspunkte. \ud83d\ude09<\/p>\n\n<div class=\"simcal-calendar simcal-default-calendar simcal-default-calendar-list simcal-default-calendar-light\" data-calendar-id=\"268\" data-timezone=\"Europe\/Berlin\" data-offset=\"7200\" data-week-start=\"1\" data-calendar-start=\"1778882400\" data-calendar-end=\"1785618000\" data-events-first=\"1776447000\" data-events-last=\"1785618000\"><div class=\"simcal-calendar-list \"><dl class=\"simcal-events-list-container\" data-prev=\"1776447000\" data-next=\"1785618000\" data-heading-small=\"Juni - Aug. 2026\" data-heading-large=\"Juni - August, 2026\">\t<dt class=\"simcal-day-label\" style=\"border-bottom: 1px solid #000000;\" ><span style=\"background-color: #000000; color: #ffffff;\"><span class=\"simcal-date-format\" data-date-format=\"j. F Y\">3. Juni 2026<\/span> <\/span><\/dt>\n<dd class=\"simcal-weekday-3 simcal-past simcal-day simcal-day-has-events simcal-day-has-1-events simcal-events-calendar-268\" data-events-count=\"1\">\n\t<ul class=\"simcal-events\">\n\t<li class=\"simcal-event simcal-event-has-location simcal-events-calendar-268\" style=\"\" itemscope itemtype=\"http:\/\/schema.org\/Event\" data-start=\"1780506000\">\n\t\t<div class=\"simcal-event-details\"><p><strong><span class=\"simcal-event-title\" itemprop=\"name\">Mittwochskonzert \u201eDaniel &amp; Jogse\u201c<\/span><\/strong><\/p>\n<p><span class=\"simcal-event-start simcal-event-start-date\" data-event-start=\"1780506000\" data-event-format=\"j. F Y\" itemprop=\"startDate\" content=\"2026-06-03T19:00:00+02:00\">3. Juni 2026<\/span>&nbsp;&nbsp;<span class=\"simcal-event-start simcal-event-start-time\" data-event-start=\"1780506000\" data-event-format=\"G:i\" itemprop=\"startDate\" content=\"2026-06-03T19:00:00+02:00\">19:00<\/span> - <span class=\"simcal-event-end simcal-event-end-time\" data-event-end=\"1780516800\" data-event-format=\"G:i\" itemprop=\"endDate\" content=\"2026-06-03T22:00:00+02:00\">22:00<\/span><br \/>\n <span class=\"simcal-event-address simcal-event-start-location\" itemprop=\"location\" itemscope itemtype=\"http:\/\/schema.org\/Place\"><meta itemprop=\"name\" content=\"Biergarten Schwaneninsel, Winnender Str. 2, 71334 Waiblingen, Deutschland\" \/><meta itemprop=\"address\" content=\"Biergarten Schwaneninsel, Winnender Str. 2, 71334 Waiblingen, Deutschland\" \/>Biergarten Schwaneninsel, Winnender Str. 2, 71334 Waiblingen, Deutschland<\/span><\/p>\n<div><div class=\"simcal-event-description\" itemprop=\"description\"><p>Bei schlechtem Wetter entf\u00e4llt die Veranstaltung bzw. wird verschoben<br \/>\nTicketpreise: Eintritt frei<\/p>\n<\/div><\/div>\n<div> <\/div><\/div>\n\t<\/li>\n<\/ul>\n\n<\/dd>\n\t<dt class=\"simcal-day-label\" style=\"border-bottom: 1px solid #000000;\" ><span style=\"background-color: #000000; color: #ffffff;\"><span class=\"simcal-date-format\" data-date-format=\"j. F Y\">17. Juli 2026<\/span> <\/span><\/dt>\n<dd class=\"simcal-weekday-5 simcal-past simcal-day simcal-day-has-events simcal-day-has-1-events simcal-events-calendar-268\" data-events-count=\"1\">\n\t<ul class=\"simcal-events\">\n\t<li class=\"simcal-event simcal-event-has-location simcal-events-calendar-268\" style=\"\" itemscope itemtype=\"http:\/\/schema.org\/Event\" data-start=\"1784309400\">\n\t\t<div class=\"simcal-event-details\"><p><strong><span class=\"simcal-event-title\" itemprop=\"name\">Musik am alten Espach \u201eJay Flowerle &amp; The Songbirds\u201c<\/span><\/strong><\/p>\n<p><span class=\"simcal-event-start simcal-event-start-date\" data-event-start=\"1784309400\" data-event-format=\"j. F Y\" itemprop=\"startDate\" content=\"2026-07-17T19:30:00+02:00\">17. Juli 2026<\/span>&nbsp;&nbsp;<span class=\"simcal-event-start simcal-event-start-time\" data-event-start=\"1784309400\" data-event-format=\"G:i\" itemprop=\"startDate\" content=\"2026-07-17T19:30:00+02:00\">19:30<\/span> - <span class=\"simcal-event-end simcal-event-end-time\" data-event-end=\"1784318400\" data-event-format=\"G:i\" itemprop=\"endDate\" content=\"2026-07-17T22:00:00+02:00\">22:00<\/span><br \/>\n <span class=\"simcal-event-address simcal-event-start-location\" itemprop=\"location\" itemscope itemtype=\"http:\/\/schema.org\/Place\"><meta itemprop=\"name\" content=\"Friedhofstra\u00dfe 54, 73660 Urbach, Deutschland\" \/><meta itemprop=\"address\" content=\"Friedhofstra\u00dfe 54, 73660 Urbach, Deutschland\" \/>Friedhofstra\u00dfe 54, 73660 Urbach, Deutschland<\/span><\/p>\n<div><div class=\"simcal-event-description\" itemprop=\"description\"><p>Unter freiem Himmel, mit kleiner Bewirtung<br \/>\nkeine Tickets, keine Reservierung m\u00f6glich, bei schlechtem Wetter ist ein Infotelefon geschaltet: +49 7181 800736<br \/>\nTicketpreise: Hutgage<\/p>\n<\/div><\/div>\n<div> <\/div><\/div>\n\t<\/li>\n<\/ul>\n\n<\/dd>\n\t<dt class=\"simcal-day-label\" style=\"border-bottom: 1px solid #000000;\" ><span style=\"background-color: #000000; color: #ffffff;\"><span class=\"simcal-date-format\" data-date-format=\"j. F Y\">26. Juli 2026<\/span> <\/span><\/dt>\n<dd class=\"simcal-weekday-0 simcal-past simcal-day simcal-day-has-events simcal-day-has-1-events simcal-events-calendar-268\" data-events-count=\"1\">\n\t<ul class=\"simcal-events\">\n\t<li class=\"simcal-event simcal-event-has-location simcal-events-calendar-268\" style=\"\" itemscope itemtype=\"http:\/\/schema.org\/Event\" data-start=\"1785056400\">\n\t\t<div class=\"simcal-event-details\"><p><strong><span class=\"simcal-event-title\" itemprop=\"name\">\u201eDoppel-D &amp; The Groove Affair\u201c - Biergarten, Zeltspektakel Winterbach<\/span><\/strong><\/p>\n<p><span class=\"simcal-event-start simcal-event-start-date\" data-event-start=\"1785056400\" data-event-format=\"j. F Y\" itemprop=\"startDate\" content=\"2026-07-26T11:00:00+02:00\">26. Juli 2026<\/span>&nbsp;&nbsp;<span class=\"simcal-event-start simcal-event-start-time\" data-event-start=\"1785056400\" data-event-format=\"G:i\" itemprop=\"startDate\" content=\"2026-07-26T11:00:00+02:00\">11:00<\/span> - <span class=\"simcal-event-end simcal-event-end-time\" data-event-end=\"1785067200\" data-event-format=\"G:i\" itemprop=\"endDate\" content=\"2026-07-26T14:00:00+02:00\">14:00<\/span><br \/>\n <span class=\"simcal-event-address simcal-event-start-location\" itemprop=\"location\" itemscope itemtype=\"http:\/\/schema.org\/Place\"><meta itemprop=\"name\" content=\"zeltspektakel.com\/biergarten, Peter Hahn Platz 1, 73650 Winterbach, Deutschland\" \/><meta itemprop=\"address\" content=\"zeltspektakel.com\/biergarten, Peter Hahn Platz 1, 73650 Winterbach, Deutschland\" \/>zeltspektakel.com\/biergarten, Peter Hahn Platz 1, 73650 Winterbach, Deutschland<\/span><\/p>\n<div><div class=\"simcal-event-description\" itemprop=\"description\"><p>Fr\u00fchschoppen im tollen Biergarten des legend\u00e4ren Zeltspektakels<br \/>\nTicketpreise: Eintritt frei<\/p>\n<\/div><\/div>\n<div> <\/div><\/div>\n\t<\/li>\n<\/ul>\n\n<\/dd>\n\t<dt class=\"simcal-day-label\" style=\"border-bottom: 1px solid #000000;\" ><span style=\"background-color: #000000; color: #ffffff;\"><span class=\"simcal-date-format\" data-date-format=\"j. F Y\">1. August 2026<\/span> <\/span><\/dt>\n<dd class=\"simcal-weekday-6 simcal-past simcal-day simcal-day-has-events simcal-day-has-1-events simcal-events-calendar-268\" data-events-count=\"1\">\n\t<ul class=\"simcal-events\">\n\t<li class=\"simcal-event simcal-event-has-location simcal-events-calendar-268\" style=\"\" itemscope itemtype=\"http:\/\/schema.org\/Event\" data-start=\"1785607200\">\n\t\t<div class=\"simcal-event-details\"><p><strong><span class=\"simcal-event-title\" itemprop=\"name\">Koppa-Fest mit \u201eDaniel &amp; Jogse\u201c<\/span><\/strong><\/p>\n<p><span class=\"simcal-event-start simcal-event-start-date\" data-event-start=\"1785607200\" data-event-format=\"j. F Y\" itemprop=\"startDate\" content=\"2026-08-01T20:00:00+02:00\">1. August 2026<\/span>&nbsp;&nbsp;<span class=\"simcal-event-start simcal-event-start-time\" data-event-start=\"1785607200\" data-event-format=\"G:i\" itemprop=\"startDate\" content=\"2026-08-01T20:00:00+02:00\">20:00<\/span> - <span class=\"simcal-event-end simcal-event-end-time\" data-event-end=\"1785618000\" data-event-format=\"G:i\" itemprop=\"endDate\" content=\"2026-08-01T23:00:00+02:00\">23:00<\/span><br \/>\n <span class=\"simcal-event-address simcal-event-start-location\" itemprop=\"location\" itemscope itemtype=\"http:\/\/schema.org\/Place\"><meta itemprop=\"name\" content=\"Gastenklinge 10, 71384 Weinstadt, Deutschland\" \/><meta itemprop=\"address\" content=\"Gastenklinge 10, 71384 Weinstadt, Deutschland\" \/>Gastenklinge 10, 71384 Weinstadt, Deutschland<\/span><\/p>\n<div><div class=\"simcal-event-description\" itemprop=\"description\"><p>Ticketpreise: Eintritt frei<\/p>\n<\/div><\/div>\n<div> <\/div><\/div>\n\t<\/li>\n<\/ul>\n\n<\/dd>\n<\/dl><div class=\"simcal-ajax-loader simcal-spinner-top\" style=\"display: none;\"><i class=\"simcal-icon-spinner simcal-icon-spin\"><\/i><\/div><\/div><small class=\"simcal-powered simcal-align-right\">Powered by <a href=\"https:\/\/simplecalendar.io\" target=\"_blank\">Simple Calendar<\/a><\/small><\/div>\n\n\n\n<p><\/p>\n\n\n\n<p><\/p>\n","protected":false},"excerpt":{"rendered":"<p>Keine \u00f6ffentlichen Auftritte mehr verpassen! Hier gibt es immer die aktuelle \u00dcbersicht \u00fcber anstehende Auftritte und die wichtigsten Fakten dazu. Alle genannten Zeiten sind nat\u00fcrlich nur grobe Anhaltspunkte. \ud83d\ude09<\/p>\n","protected":false},"author":1,"featured_media":0,"parent":0,"menu_order":0,"comment_status":"closed","ping_status":"closed","template":"showcase.php","meta":{"footnotes":""},"class_list":["post-19","page","type-page","status-publish","hentry"],"_links":{"self":[{"href":"https:\/\/www.daniel-kurz.com\/index.php?rest_route=\/wp\/v2\/pages\/19","targetHints":{"allow":["GET"]}}],"collection":[{"href":"https:\/\/www.daniel-kurz.com\/index.php?rest_route=\/wp\/v2\/pages"}],"about":[{"href":"https:\/\/www.daniel-kurz.com\/index.php?rest_route=\/wp\/v2\/types\/page"}],"author":[{"embeddable":true,"href":"https:\/\/www.daniel-kurz.com\/index.php?rest_route=\/wp\/v2\/users\/1"}],"replies":[{"embeddable":true,"href":"https:\/\/www.daniel-kurz.com\/index.php?rest_route=%2Fwp%2Fv2%2Fcomments&post=19"}],"version-history":[{"count":96,"href":"https:\/\/www.daniel-kurz.com\/index.php?rest_route=\/wp\/v2\/pages\/19\/revisions"}],"predecessor-version":[{"id":272,"href":"https:\/\/www.daniel-kurz.com\/index.php?rest_route=\/wp\/v2\/pages\/19\/revisions\/272"}],"wp:attachment":[{"href":"https:\/\/www.daniel-kurz.com\/index.php?rest_route=%2Fwp%2Fv2%2Fmedia&parent=19"}],"curies":[{"name":"wp","href":"https:\/\/api.w.org\/{rel}","templated":true}]}}